{"id":810,"date":"2020-05-14T14:13:33","date_gmt":"2020-05-14T12:13:33","guid":{"rendered":"https:\/\/www.villagedeyourtes.com\/camping-saint-malo\/"},"modified":"2020-06-10T16:42:54","modified_gmt":"2020-06-10T14:42:54","slug":"campsite-saint-malo","status":"publish","type":"page","link":"https:\/\/www.villagedeyourtes.com\/en\/campsite-saint-malo\/","title":{"rendered":"Alentours : Saint-malo"},"content":{"rendered":"<section id=\"section-5ebe6f6a5b11f\"\" class=\"section bg-white\" \/><div class=\"container extralarge\"><h1 class=\"element section-title center\">Campsite Saint-Malo<\/h1><\/div><\/section>\n\n<section id=\"section-5ebe6f6a66f88\"\" class=\"section bg-white\" \/><div class=\"container full\"><div class=\"colonnes-wrap valign-middle \"><div class=\"element colonne p-x-10\"><div class=\"element images scroll-x-mobile\"><div class=\"image\"><img decoding=\"async\" src=\"\" data-src=\"https:\/\/www.villagedeyourtes.com\/wp-content\/uploads\/2020\/05\/visite-saint-malo.jpg\" alt=\"visite saint-malo\" class=\"images_image\" \/><\/div><div class=\"image\"><img decoding=\"async\" src=\"\" data-src=\"https:\/\/www.villagedeyourtes.com\/wp-content\/uploads\/2020\/05\/decouvrez-saint-malo.jpg\" alt=\"d\u00e9couvrez saint malo\" class=\"images_image\" \/><\/div><\/div><div class=\"element images scroll-x-mobile\"><div class=\"image\"><img decoding=\"async\" src=\"\" data-src=\"https:\/\/www.villagedeyourtes.com\/wp-content\/uploads\/2020\/05\/visite-touristique-saint-malo.jpg\" alt=\"visite touristique saint-malo\" class=\"images_image\" \/><\/div><div class=\"image\"><img decoding=\"async\" src=\"\" data-src=\"https:\/\/www.villagedeyourtes.com\/wp-content\/uploads\/2020\/05\/rempart-saint-malo.jpg\" alt=\"rempart saint-malo\" class=\"images_image\" \/><\/div><\/div><\/div><div class=\"element colonne p-x-10\"><h2 class=\"element section-title left\">Saint-Malo, 20 minutes from the campsite<\/h2><div class=\"element bloc-text justify \">\n\t<p>The distance between Saint Malo and the village of yurts, camping near Saint Malo is 15 km about 20 minutes. <\/p>\n<p>The access is by Beaussais sur mer where in the center, you will take on the right the direction of Saint Malo. Cross the <strong class=\"bold color1\">Barrage de la Rance<\/strong> (be careful in summer it opens at a fixed time to let boats pass). At the top of the road, take the first exit on your right, then follow the signs to the districts of <strong class=\"bold color1\">Saint Servan or Intra muros<\/strong>.<\/p>\n<\/div><\/div><\/div><\/div><\/section>\n\n<section id=\"section-5ebe6f6a70aac\"\" class=\"section bg-white\" \/><div class=\"container full\"><div class=\"colonnes-wrap valign-middle \"><div class=\"element colonne p-x-10\"><h2 class=\"element section-title left color1\">Top 5 things to do in Saint Malo<\/h2><div class=\"element bloc-text justify \">\n\t<ul>\n<li><strong class=\"bold color1\">Walk on the Ramparts<\/strong><\/li>\n<li>Discovery of <strong class=\"bold color1\">Saint Servan<\/strong><\/li>\n<li><strong class=\"bold color1\">Swimming in the seawater pool<\/strong> good help<\/li>\n<li>Go <strong class=\"bold color1\">caressing fish<\/strong> in the touch tank of the Grand Aquarium of St Malo<\/li>\n<li><strong class=\"bold color1\">Embark on the ship l&#8217;Etoile du Roy<\/strong>, to discover the life of the Corsairs<\/li>\n<\/ul>\n<\/div><h2 class=\"element section-title left color1 m-t-4\">Discover the surroundings of Saint-Malo<\/h2><div class=\"element bloc-text justify \">\n\t<p>By coming to the yurt village of Beaussais sur Mer, you can easily visit Saint Malo, which is only 15 km from the Cit\u00e9 Corsaire. The campsite being small, it will give you <strong class=\"bold color1\">relaxation and relief<\/strong> after your visit to Saint Malo where the <strong class=\"bold color1\">flow of tourists<\/strong> is often very important. <\/p>\n<p>The calm of the village will seduce you I&#8217;m sure, so do not hesitate to book <strong class=\"bold color1\">your holidays with your family<\/strong> or <strong class=\"bold color1\">your holidays with friends<\/strong> in Brittany at Village de Yourtes, C\u00f4tes d&#8217;Armor.<\/p>\n<\/div><\/div><div class=\"element colonne \"><div class=\"element bloc-text justify \">\n\t<p><iframe style=\"width : 100%; height : 500px;\" src=\"https:\/\/www.youtube.com\/embed\/KzeK_u3q4-c\" frameborder=\"0\" allow=\"accelerometer; autoplay; encrypted-media; gyroscope; picture-in-picture\" allowfullscreen><\/iframe><\/p>\n<\/div><\/div><\/div><\/div><\/section>\n\n<section id=\"section-5ec262799ef20\"\" class=\"section bg-white p-t-0 p-b-0\" \/><div class=\"container full\"><div class=\"carte\" data-src=\"https:\/\/www.google.com\/maps\/embed?pb=!1m28!1m12!1m3!1d301060.0533496698!2d-2.097256646984812!3d48.57027545567072!2m3!1f0!2f0!3f0!3m2!1i1024!2i768!4f13.1!4m13!3e0!4m5!1s0x480e81102126bf5d%3A0xf8e97dadb22be12d!2sSaint-Malo!3m2!1d48.649336999999996!2d-2.025674!4m5!1s0x480e634b2f09c4c9%3A0x1e575243d26340ec!2sVillage%20de%20Yourtes%2C%20Le%20Bourg%2C%2022650%20Beaussais-sur-Mer!3m2!1d48.538754999999995!2d-2.14179!5e0!3m2!1sfr!2sfr!4v1589797452532!5m2!1sfr!2sfr\"><\/div><\/div><\/section>\n\n<section id=\"section-5ebe6f6a66f89\"\" class=\"section bg-white\" \/><div class=\"container full\"><div class=\"colonnes-wrap valign-middle \"><div class=\"element colonne p-x-10\"><div class=\"element images scroll-x-mobile\"><div class=\"image\"><img decoding=\"async\" src=\"\" data-src=\"https:\/\/www.villagedeyourtes.com\/wp-content\/uploads\/2020\/05\/fortification-saint-malo.jpg\" alt=\"fortification saint-malo\" class=\"images_image\" \/><\/div><div class=\"image\"><img decoding=\"async\" src=\"\" data-src=\"https:\/\/www.villagedeyourtes.com\/wp-content\/uploads\/2020\/05\/plage-saint-malo.jpg\" alt=\"plage saint-malo\" class=\"images_image\" \/><\/div><\/div><div class=\"element images scroll-x-mobile\"><div class=\"image\"><img decoding=\"async\" src=\"\" data-src=\"https:\/\/www.villagedeyourtes.com\/wp-content\/uploads\/2020\/05\/visitez-saint-malo.jpg\" alt=\"visitez saint-malo\" class=\"images_image\" \/><\/div><div class=\"image\"><img decoding=\"async\" src=\"\" data-src=\"https:\/\/www.villagedeyourtes.com\/wp-content\/uploads\/2020\/05\/ville-saint-malo.jpg\" alt=\"ville saint-malo\" class=\"images_image\" \/><\/div><\/div><\/div><div class=\"element colonne p-x-10\"><h2 class=\"element section-title left\">Visit Saint-Malo<\/h2><div class=\"element bloc-text justify \">\n\t<p>Twenty minutes from your yurt village, camping near Saint Malo, is located, the town of <strong class=\"bold color1\">Saint Malo<\/strong>. To the boarding! Discover the most <strong class=\"bold color1\">like privateer cities of Brittany<\/strong>. Start by going around the ramparts. Their construction dates from the 12\u1d49 century, fortunately spared by the destruction of 1944, they reveal magnificent views, the houses of the rich shipowners, with high slate roofs and monumental chimneys. From the gates and bastions discover the Rance estuary, Dinard and its large beach, the Grand B\u00e9 island (where Chateaubriand lies), the Petit B\u00e9 island, the C\u00e9zembre island, the Conch\u00e9e fort, the beaches of the Sillon, Rochebonne and Minihic.<\/p>\n<p>Saint Malo also enjoys the two beaches of Le M\u00f4le and Bon Secours and its <strong class=\"bold color1\">famous natural swimming pool<\/strong>.<\/p>\n<p>After this breath of fresh air, visit the town within the city walls, it is full of activities, restaurants, cr\u00eaperies, bistros, souvenir shops are available for you to eat or shop for souvenirs.<\/p>\n<p>The <strong class=\"bold color1\">paved groves<\/strong> are lined with buildings dating mostly from the post-war reconstruction, but some old buildings remain. Thus installed in the large keep and the castelet, the museum of history of Saint Malo and its illustrious men, Jacques Cartier, Ren\u00e9 Duguay Trouin, Robert Surcouf&#8230;<\/p>\n<p>Then go to <strong class=\"bold color1\">Saint Servan<\/strong>, district at the origin of Saint malo. In the 6\u1d49 century, the Welsh monk Malo (one of the 7 founding monks of Brittany) evangelized the city of Aleth. Then in 1144, it came under the protection of another local saint: Servan.<\/p>\n<p>The <strong class=\"bold color1\">corniche d&#8217;Aleth<\/strong> reveals very beautiful views of the city of Aleth and the islands. The Solidor tower built in 1382 and then restored houses the museum of the Long Cours Cap Hornier.<\/p>\n<p>Finally, let <strong class=\"bold color1\">the beauty and charm of the Parc de la Briantais<\/strong> housing exhibitions and offering breathtaking views of Saint Servan, the Solidor Tower, Dinard and the Rance Valley.<\/p>\n<p>A drink on the terrace, a good galette and back to the yurt village, campsite near Saint Malo.<\/p>\n<\/div><\/div><\/div><\/div><\/section>\n\n<section id=\"section-5ebe6f6a827a9\"\" class=\"section bg-white\" \/><div class=\"container\"><div class=\"element section-title center titre-cta color1\">Visit C\u00f4tes d&#8217;Armor and Dinan<\/div><ul class=\"liste-de-page scroll-x-mobile\"><li class=\"element call-to-action center titre-cta color1 call-to-action--style-1 call-to-action--normal\"><a href=\"https:\/\/www.villagedeyourtes.com\/en\/tourism-cote-armor\/\"  class=\"call-to-action_link\" title=\"Find out more about brittany\"><div class=\"call-to-action_image\"><img decoding=\"async\" src=\"\" data-src=\"https:\/\/www.villagedeyourtes.com\/wp-content\/uploads\/2020\/05\/mont-saint-michel.jpg\" alt=\"mont saint-michel\" class=\"normal\" \/><\/div><div class=\"call-to-action_contenu\"><div class=\"call-to-action_titre\">Brittany<\/div><\/div><\/a><\/li><li class=\"element call-to-action center titre-cta color1 call-to-action--style-1 call-to-action--normal call-to-action--style-1 call-to-action--normal\"><a href=\"https:\/\/www.villagedeyourtes.com\/en\/campsite-dinan\/\"  class=\"call-to-action_link\" title=\"Find out more about dinan\"><div class=\"call-to-action_image\"><img decoding=\"async\" src=\"\" data-src=\"https:\/\/www.villagedeyourtes.com\/wp-content\/uploads\/2020\/05\/tourisme-dinan-1.jpg\" alt=\"tourisme dinan\" class=\"normal\" \/><\/div><div class=\"call-to-action_contenu\"><div class=\"call-to-action_titre\">Dinan<\/div><\/div><\/a><\/li><\/ul><\/div><\/section>","protected":false},"excerpt":{"rendered":"","protected":false},"author":1,"featured_media":632,"parent":0,"menu_order":0,"comment_status":"closed","ping_status":"closed","template":"","meta":{"_acf_changed":false,"footnotes":""},"class_list":["post-810","page","type-page","status-publish","has-post-thumbnail","hentry"],"acf":[],"yoast_head":"<!-- This site is optimized with the Yoast SEO plugin v25.3 - https:\/\/yoast.com\/wordpress\/plugins\/seo\/ -->\n<title>Campsite Saint-Malo | Sightseeing Saint Malo | Tourism Saint Malo<\/title>\n<meta name=\"robots\" content=\"index, follow, max-snippet:-1, max-image-preview:large, max-video-preview:-1\" \/>\n<link rel=\"canonical\" href=\"https:\/\/www.villagedeyourtes.com\/en\/campsite-saint-malo\/\" \/>\n<meta property=\"og:locale\" content=\"en_US\" \/>\n<meta property=\"og:type\" content=\"article\" \/>\n<meta property=\"og:title\" content=\"Campsite Saint-Malo | Sightseeing Saint Malo | Tourism Saint Malo\" \/>\n<meta property=\"og:url\" content=\"https:\/\/www.villagedeyourtes.com\/en\/campsite-saint-malo\/\" \/>\n<meta property=\"og:site_name\" content=\"Village Yourtes\" \/>\n<meta property=\"article:modified_time\" content=\"2020-06-10T14:42:54+00:00\" \/>\n<meta property=\"og:image\" content=\"https:\/\/www.villagedeyourtes.com\/wp-content\/uploads\/2020\/05\/camping-saint-malo-1.jpg\" \/>\n\t<meta property=\"og:image:width\" content=\"1903\" \/>\n\t<meta property=\"og:image:height\" content=\"500\" \/>\n\t<meta property=\"og:image:type\" content=\"image\/jpeg\" \/>\n<meta name=\"twitter:card\" content=\"summary_large_image\" \/>\n<script type=\"application\/ld+json\" class=\"yoast-schema-graph\">{\"@context\":\"https:\/\/schema.org\",\"@graph\":[{\"@type\":\"WebPage\",\"@id\":\"https:\/\/www.villagedeyourtes.com\/en\/campsite-saint-malo\/\",\"url\":\"https:\/\/www.villagedeyourtes.com\/en\/campsite-saint-malo\/\",\"name\":\"Campsite Saint-Malo | Sightseeing Saint Malo | Tourism Saint Malo\",\"isPartOf\":{\"@id\":\"https:\/\/www.villagedeyourtes.com\/en\/#website\"},\"primaryImageOfPage\":{\"@id\":\"https:\/\/www.villagedeyourtes.com\/en\/campsite-saint-malo\/#primaryimage\"},\"image\":{\"@id\":\"https:\/\/www.villagedeyourtes.com\/en\/campsite-saint-malo\/#primaryimage\"},\"thumbnailUrl\":\"https:\/\/www.villagedeyourtes.com\/wp-content\/uploads\/2020\/05\/camping-saint-malo-1.jpg\",\"datePublished\":\"2020-05-14T12:13:33+00:00\",\"dateModified\":\"2020-06-10T14:42:54+00:00\",\"breadcrumb\":{\"@id\":\"https:\/\/www.villagedeyourtes.com\/en\/campsite-saint-malo\/#breadcrumb\"},\"inLanguage\":\"en-US\",\"potentialAction\":[{\"@type\":\"ReadAction\",\"target\":[\"https:\/\/www.villagedeyourtes.com\/en\/campsite-saint-malo\/\"]}]},{\"@type\":\"ImageObject\",\"inLanguage\":\"en-US\",\"@id\":\"https:\/\/www.villagedeyourtes.com\/en\/campsite-saint-malo\/#primaryimage\",\"url\":\"https:\/\/www.villagedeyourtes.com\/wp-content\/uploads\/2020\/05\/camping-saint-malo-1.jpg\",\"contentUrl\":\"https:\/\/www.villagedeyourtes.com\/wp-content\/uploads\/2020\/05\/camping-saint-malo-1.jpg\",\"width\":1903,\"height\":500,\"caption\":\"camping saint-malo\"},{\"@type\":\"BreadcrumbList\",\"@id\":\"https:\/\/www.villagedeyourtes.com\/en\/campsite-saint-malo\/#breadcrumb\",\"itemListElement\":[{\"@type\":\"ListItem\",\"position\":1,\"name\":\"Yourte Cote Armor\",\"item\":\"https:\/\/www.villagedeyourtes.com\/en\/\"},{\"@type\":\"ListItem\",\"position\":2,\"name\":\"Campsite Saint-Malo\"}]},{\"@type\":\"WebSite\",\"@id\":\"https:\/\/www.villagedeyourtes.com\/en\/#website\",\"url\":\"https:\/\/www.villagedeyourtes.com\/en\/\",\"name\":\"Village Yourtes\",\"description\":\"\",\"potentialAction\":[{\"@type\":\"SearchAction\",\"target\":{\"@type\":\"EntryPoint\",\"urlTemplate\":\"https:\/\/www.villagedeyourtes.com\/en\/?s={search_term_string}\"},\"query-input\":{\"@type\":\"PropertyValueSpecification\",\"valueRequired\":true,\"valueName\":\"search_term_string\"}}],\"inLanguage\":\"en-US\"}]}<\/script>\n<!-- \/ Yoast SEO plugin. -->","yoast_head_json":{"title":"Campsite Saint-Malo | Sightseeing Saint Malo | Tourism Saint Malo","robots":{"index":"index","follow":"follow","max-snippet":"max-snippet:-1","max-image-preview":"max-image-preview:large","max-video-preview":"max-video-preview:-1"},"canonical":"https:\/\/www.villagedeyourtes.com\/en\/campsite-saint-malo\/","og_locale":"en_US","og_type":"article","og_title":"Campsite Saint-Malo | Sightseeing Saint Malo | Tourism Saint Malo","og_url":"https:\/\/www.villagedeyourtes.com\/en\/campsite-saint-malo\/","og_site_name":"Village Yourtes","article_modified_time":"2020-06-10T14:42:54+00:00","og_image":[{"width":1903,"height":500,"url":"https:\/\/www.villagedeyourtes.com\/wp-content\/uploads\/2020\/05\/camping-saint-malo-1.jpg","type":"image\/jpeg"}],"twitter_card":"summary_large_image","schema":{"@context":"https:\/\/schema.org","@graph":[{"@type":"WebPage","@id":"https:\/\/www.villagedeyourtes.com\/en\/campsite-saint-malo\/","url":"https:\/\/www.villagedeyourtes.com\/en\/campsite-saint-malo\/","name":"Campsite Saint-Malo | Sightseeing Saint Malo | Tourism Saint Malo","isPartOf":{"@id":"https:\/\/www.villagedeyourtes.com\/en\/#website"},"primaryImageOfPage":{"@id":"https:\/\/www.villagedeyourtes.com\/en\/campsite-saint-malo\/#primaryimage"},"image":{"@id":"https:\/\/www.villagedeyourtes.com\/en\/campsite-saint-malo\/#primaryimage"},"thumbnailUrl":"https:\/\/www.villagedeyourtes.com\/wp-content\/uploads\/2020\/05\/camping-saint-malo-1.jpg","datePublished":"2020-05-14T12:13:33+00:00","dateModified":"2020-06-10T14:42:54+00:00","breadcrumb":{"@id":"https:\/\/www.villagedeyourtes.com\/en\/campsite-saint-malo\/#breadcrumb"},"inLanguage":"en-US","potentialAction":[{"@type":"ReadAction","target":["https:\/\/www.villagedeyourtes.com\/en\/campsite-saint-malo\/"]}]},{"@type":"ImageObject","inLanguage":"en-US","@id":"https:\/\/www.villagedeyourtes.com\/en\/campsite-saint-malo\/#primaryimage","url":"https:\/\/www.villagedeyourtes.com\/wp-content\/uploads\/2020\/05\/camping-saint-malo-1.jpg","contentUrl":"https:\/\/www.villagedeyourtes.com\/wp-content\/uploads\/2020\/05\/camping-saint-malo-1.jpg","width":1903,"height":500,"caption":"camping saint-malo"},{"@type":"BreadcrumbList","@id":"https:\/\/www.villagedeyourtes.com\/en\/campsite-saint-malo\/#breadcrumb","itemListElement":[{"@type":"ListItem","position":1,"name":"Yourte Cote Armor","item":"https:\/\/www.villagedeyourtes.com\/en\/"},{"@type":"ListItem","position":2,"name":"Campsite Saint-Malo"}]},{"@type":"WebSite","@id":"https:\/\/www.villagedeyourtes.com\/en\/#website","url":"https:\/\/www.villagedeyourtes.com\/en\/","name":"Village Yourtes","description":"","potentialAction":[{"@type":"SearchAction","target":{"@type":"EntryPoint","urlTemplate":"https:\/\/www.villagedeyourtes.com\/en\/?s={search_term_string}"},"query-input":{"@type":"PropertyValueSpecification","valueRequired":true,"valueName":"search_term_string"}}],"inLanguage":"en-US"}]}},"_links":{"self":[{"href":"https:\/\/www.villagedeyourtes.com\/en\/wp-json\/wp\/v2\/pages\/810"}],"collection":[{"href":"https:\/\/www.villagedeyourtes.com\/en\/wp-json\/wp\/v2\/pages"}],"about":[{"href":"https:\/\/www.villagedeyourtes.com\/en\/wp-json\/wp\/v2\/types\/page"}],"author":[{"embeddable":true,"href":"https:\/\/www.villagedeyourtes.com\/en\/wp-json\/wp\/v2\/users\/1"}],"replies":[{"embeddable":true,"href":"https:\/\/www.villagedeyourtes.com\/en\/wp-json\/wp\/v2\/comments?post=810"}],"version-history":[{"count":4,"href":"https:\/\/www.villagedeyourtes.com\/en\/wp-json\/wp\/v2\/pages\/810\/revisions"}],"predecessor-version":[{"id":860,"href":"https:\/\/www.villagedeyourtes.com\/en\/wp-json\/wp\/v2\/pages\/810\/revisions\/860"}],"wp:featuredmedia":[{"embeddable":true,"href":"https:\/\/www.villagedeyourtes.com\/en\/wp-json\/wp\/v2\/media\/632"}],"wp:attachment":[{"href":"https:\/\/www.villagedeyourtes.com\/en\/wp-json\/wp\/v2\/media?parent=810"}],"curies":[{"name":"wp","href":"https:\/\/api.w.org\/{rel}","templated":true}]}}