{"id":812,"date":"2020-05-14T14:13:06","date_gmt":"2020-05-14T12:13:06","guid":{"rendered":"https:\/\/www.villagedeyourtes.com\/camping-dinan\/"},"modified":"2020-06-10T16:49:52","modified_gmt":"2020-06-10T14:49:52","slug":"campsite-dinan","status":"publish","type":"page","link":"https:\/\/www.villagedeyourtes.com\/en\/campsite-dinan\/","title":{"rendered":"Alentours : Dinan"},"content":{"rendered":"<section id=\"section-5ebe6f6a5b11f\"\" class=\"section bg-white\" \/><div class=\"container extralarge\"><h1 class=\"element section-title center\">Campsite Dinan<\/h1><\/div><\/section>\n\n<section id=\"section-5ebe6f6a66f88\"\" class=\"section bg-white\" \/><div class=\"container full\"><div class=\"colonnes-wrap valign-middle \"><div class=\"element colonne p-x-10\"><div class=\"element images scroll-x-mobile\"><div class=\"image\"><img decoding=\"async\" src=\"\" data-src=\"https:\/\/www.villagedeyourtes.com\/wp-content\/uploads\/2020\/05\/ville-dinan-bretagne.jpg\" alt=\"ville dinan Bretagne\" class=\"images_image\" \/><\/div><div class=\"image\"><img decoding=\"async\" src=\"\" data-src=\"https:\/\/www.villagedeyourtes.com\/wp-content\/uploads\/2020\/05\/quoi-faire-dinan.jpg\" alt=\"quoi faire dinan\" class=\"images_image\" \/><\/div><\/div><div class=\"element images scroll-x-mobile\"><div class=\"image\"><img decoding=\"async\" src=\"\" data-src=\"https:\/\/www.villagedeyourtes.com\/wp-content\/uploads\/2020\/05\/decouvrez-dinan.jpg\" alt=\"d\u00e9couvrez dinan\" class=\"images_image\" \/><\/div><div class=\"image\"><img decoding=\"async\" src=\"\" data-src=\"https:\/\/www.villagedeyourtes.com\/wp-content\/uploads\/2020\/05\/visite-touristique-dinan.jpg\" alt=\"visite touristique dinan\" class=\"images_image\" \/><\/div><\/div><\/div><div class=\"element colonne p-x-10\"><h2 class=\"element section-title left\">Dinan, a stone&#8217;s throw from the campsite<\/h2><div class=\"element bloc-text justify \">\n\t<p>Leave the campsite near Dinan, <a href=\"\/en\/\">Village de Yourtes de Beaussais sur Mer in C\u00f4tes d&#8217;Armor<\/a>, take the main road on the left, on the way to Dinan located 10 km away, via the D26, <strong class=\"bold color1\">visit inland Brittany<\/strong>.<\/p>\n<\/div><h2 class=\"element section-title left m-t-4\">Discover the surroundings of the campsite from Dinan<\/h2><div class=\"element bloc-text justify \">\n\t<p>By choosing your holiday at camping Dinan, the yurt village at Plessix Balisson, Beaussais sur Mer, you will be able to reach the beautiful city of Dinan in less than 10 minutes. The campsite is ideally located halfway between Dinard and Dinan. A beautiful campsite in <strong class=\"bold color1\">full nature and close to many tourist sites<\/strong> to make your tourism in C\u00f4tes d&#8217;Armor.<\/p>\n<\/div><\/div><\/div><\/div><\/section>\n\n<section id=\"section-5ebe6f6a70aac\"\" class=\"section bg-white\" \/><div class=\"container full\"><div class=\"colonnes-wrap valign-middle \"><div class=\"element colonne p-x-10\"><h2 class=\"element section-title left color1\">Top 5 things to do in Dinan<\/h2><div class=\"element bloc-text justify \">\n\t<ul>\n<li><strong class=\"bold color1\">Stroll through the old town<\/strong><\/li>\n<li>The <strong class=\"bold color1\">medieval festival<\/strong> every other year, the last weekend in July<\/li>\n<li><strong class=\"bold color1\">Descent by the Jerzual<\/strong><\/li>\n<li>The port of Dinan<\/li>\n<li>The stroll in Lehon, first by boat, then on foot in the village<\/li>\n<\/ul>\n<\/div><\/div><div class=\"element colonne \"><div class=\"element bloc-text justify \">\n\t<p><iframe style=\"width : 100%; height : 500px;\" src=\"https:\/\/www.youtube.com\/embed\/frappQp-S_k\" frameborder=\"0\" allow=\"accelerometer; autoplay; encrypted-media; gyroscope; picture-in-picture\" allowfullscreen><\/iframe><\/p>\n<\/div><\/div><\/div><\/div><\/section>\n\n<section id=\"section-5ec2622e40f5c\"\" class=\"section bg-white p-t-0 p-b-0\" \/><div class=\"container full\"><div class=\"carte\" data-src=\"https:\/\/www.google.com\/maps\/embed?pb=!1m28!1m12!1m3!1d94907.90658017997!2d-2.1489217896026793!3d48.527640092056316!2m3!1f0!2f0!3f0!3m2!1i1024!2i768!4f13.1!4m13!3e0!4m5!1s0x480e8a19322f72d9%3A0x40ca5cd36e637e0!2sDinan!3m2!1d48.454366!2d-2.047327!4m5!1s0x480e634b2f09c4c9%3A0x1e575243d26340ec!2sVillage%20de%20Yourtes%2C%20Le%20Bourg%2C%2022650%20Beaussais-sur-Mer!3m2!1d48.538754999999995!2d-2.14179!5e0!3m2!1sfr!2sfr!4v1589797394569!5m2!1sfr!2sfr\"><\/div><\/div><\/section>\n\n<section id=\"section-5ebe6f6a66f89\"\" class=\"section bg-white\" \/><div class=\"container full\"><div class=\"colonnes-wrap valign-middle \"><div class=\"element colonne p-x-10\"><div class=\"element images scroll-x-mobile\"><div class=\"image\"><img decoding=\"async\" src=\"\" data-src=\"https:\/\/www.villagedeyourtes.com\/wp-content\/uploads\/2020\/05\/creperie-dinan.jpg\" alt=\"cr\u00eaperie dinan\" class=\"images_image\" \/><\/div><div class=\"image\"><img decoding=\"async\" src=\"\" data-src=\"https:\/\/www.villagedeyourtes.com\/wp-content\/uploads\/2020\/05\/camping-proche-dinan.jpg\" alt=\"camping proche dinan\" class=\"images_image\" \/><\/div><\/div><div class=\"element images scroll-x-mobile\"><div class=\"image\"><img decoding=\"async\" src=\"\" data-src=\"https:\/\/www.villagedeyourtes.com\/wp-content\/uploads\/2020\/05\/ville-dinan.jpg\" alt=\"ville dinan\" class=\"images_image\" \/><\/div><div class=\"image\"><img decoding=\"async\" src=\"\" data-src=\"https:\/\/www.villagedeyourtes.com\/wp-content\/uploads\/2020\/05\/ruelle-dinan.jpg\" alt=\"ruelle dinan\" class=\"images_image\" \/><\/div><\/div><\/div><div class=\"element colonne p-x-10\"><h2 class=\"element section-title left\">Discover Dinan from the campsite<\/h2><div class=\"element bloc-text justify \">\n\t<p>Dinan, <strong class=\"bold color1\">medieval city<\/strong>, was built above the rancid, city of art and history par excellence.<\/p>\n<p>A walk in the cobbled streets is a must, you will discover the numerous medieval half-timbered houses, its <strong class=\"bold color1\">heritage<\/strong>, <strong class=\"bold color1\">its castle<\/strong>.<\/p>\n<p>During your stroll, discover the Place Duguesclin, a former fairground lined with 18th and 19th century hotels; the superb Keratry Hotel, a 16th century building with its Ionic columns and 14 sculpted figures; the clock tower revealing an extraordinary panorama of the city; the place des merciers with its houses with corbelled floors, built on wooden pillars and decorated with large windows; the old convent of the cordeliers with its courtyard of honour and its pepperpot turrets and finally the castle built around 1380, it offers from the patrol path a unique 360\u00b0 panorama of the Dinanese region. Don&#8217;t forget to make a detour to the <strong class=\"bold color1\">basilique Saint Sauveur<\/strong> and its park behind which offers a magnificent view of the port.<\/p>\n<p>Then go down towards the port of Dinan by taking the rue du Jerzual. <strong class=\"bold color1\">Artisans and merchants<\/strong> expose their articles. In the middle of this street, the Governor&#8217;s house, a superb 15th century residence, hosts exhibitions on medieval life. At the bottom of this street, let yourself be marvelled by the port of Dinan, its sunny terraces and its view of the Viaduct; on the right, the walk on the old towpath opens onto a green site.<\/p>\n<p>With the boat, go down to L\u00e9hon or go there by car at only 2 km. L\u00e9hon, a village located in the Rance valley, has a church and its Cur\u00e9&#8217;s garden in its heart.<\/p>\n<p>Many restaurants and cr\u00eaperies will end this escapade, regional gastronomy, pancakes and rancid cider, to top it all off you will join your yurt at the Dinan campsite, the Yurt Village.<\/p>\n<\/div><\/div><\/div><\/div><\/section>\n\n<section id=\"section-5ebe6f6a827a9\"\" class=\"section bg-white\" \/><div class=\"container\"><div class=\"element section-title center titre-cta color1\">Visit C\u00f4tes d&#8217;Armor and Saint Malo<\/div><ul class=\"liste-de-page scroll-x-mobile\"><li class=\"element call-to-action center titre-cta color1 call-to-action--style-1 call-to-action--normal\"><a href=\"https:\/\/www.villagedeyourtes.com\/en\/campsite-saint-malo\/\"  class=\"call-to-action_link\" title=\"Find out more about saint-malo\"><div class=\"call-to-action_image\"><img decoding=\"async\" src=\"\" data-src=\"https:\/\/www.villagedeyourtes.com\/wp-content\/uploads\/2020\/05\/camping-saint-malo.jpg\" alt=\"\" class=\"normal\" \/><\/div><div class=\"call-to-action_contenu\"><div class=\"call-to-action_titre\">Saint-malo<\/div><\/div><\/a><\/li><li class=\"element call-to-action center titre-cta color1 call-to-action--style-1 call-to-action--normal call-to-action--style-1 call-to-action--normal\"><a href=\"https:\/\/www.villagedeyourtes.com\/en\/tourism-cote-armor\/\"  class=\"call-to-action_link\" title=\"Find out more about brittany\"><div class=\"call-to-action_image\"><img decoding=\"async\" src=\"\" data-src=\"https:\/\/www.villagedeyourtes.com\/wp-content\/uploads\/2020\/05\/mont-saint-michel.jpg\" alt=\"mont saint-michel\" class=\"normal\" \/><\/div><div class=\"call-to-action_contenu\"><div class=\"call-to-action_titre\">Brittany<\/div><\/div><\/a><\/li><\/ul><\/div><\/section>","protected":false},"excerpt":{"rendered":"","protected":false},"author":1,"featured_media":787,"parent":0,"menu_order":0,"comment_status":"closed","ping_status":"closed","template":"","meta":{"_acf_changed":false,"footnotes":""},"class_list":["post-812","page","type-page","status-publish","has-post-thumbnail","hentry"],"acf":[],"yoast_head":"<!-- This site is optimized with the Yoast SEO plugin v25.3 - https:\/\/yoast.com\/wordpress\/plugins\/seo\/ -->\n<title>Campsite Dinan | Visit and heritage Dinan | Tourism Dinan<\/title>\n<meta name=\"robots\" content=\"index, follow, max-snippet:-1, max-image-preview:large, max-video-preview:-1\" \/>\n<link rel=\"canonical\" href=\"https:\/\/www.villagedeyourtes.com\/en\/campsite-dinan\/\" \/>\n<meta property=\"og:locale\" content=\"en_US\" \/>\n<meta property=\"og:type\" content=\"article\" \/>\n<meta property=\"og:title\" content=\"Campsite Dinan | Visit and heritage Dinan | Tourism Dinan\" \/>\n<meta property=\"og:url\" content=\"https:\/\/www.villagedeyourtes.com\/en\/campsite-dinan\/\" \/>\n<meta property=\"og:site_name\" content=\"Village Yourtes\" \/>\n<meta property=\"article:modified_time\" content=\"2020-06-10T14:49:52+00:00\" \/>\n<meta property=\"og:image\" content=\"https:\/\/www.villagedeyourtes.com\/wp-content\/uploads\/2020\/05\/camping-dinan-2.jpg\" \/>\n\t<meta property=\"og:image:width\" content=\"1903\" \/>\n\t<meta property=\"og:image:height\" content=\"501\" \/>\n\t<meta property=\"og:image:type\" content=\"image\/jpeg\" \/>\n<meta name=\"twitter:card\" content=\"summary_large_image\" \/>\n<script type=\"application\/ld+json\" class=\"yoast-schema-graph\">{\"@context\":\"https:\/\/schema.org\",\"@graph\":[{\"@type\":\"WebPage\",\"@id\":\"https:\/\/www.villagedeyourtes.com\/en\/campsite-dinan\/\",\"url\":\"https:\/\/www.villagedeyourtes.com\/en\/campsite-dinan\/\",\"name\":\"Campsite Dinan | Visit and heritage Dinan | Tourism Dinan\",\"isPartOf\":{\"@id\":\"https:\/\/www.villagedeyourtes.com\/en\/#website\"},\"primaryImageOfPage\":{\"@id\":\"https:\/\/www.villagedeyourtes.com\/en\/campsite-dinan\/#primaryimage\"},\"image\":{\"@id\":\"https:\/\/www.villagedeyourtes.com\/en\/campsite-dinan\/#primaryimage\"},\"thumbnailUrl\":\"https:\/\/www.villagedeyourtes.com\/wp-content\/uploads\/2020\/05\/camping-dinan-2.jpg\",\"datePublished\":\"2020-05-14T12:13:06+00:00\",\"dateModified\":\"2020-06-10T14:49:52+00:00\",\"breadcrumb\":{\"@id\":\"https:\/\/www.villagedeyourtes.com\/en\/campsite-dinan\/#breadcrumb\"},\"inLanguage\":\"en-US\",\"potentialAction\":[{\"@type\":\"ReadAction\",\"target\":[\"https:\/\/www.villagedeyourtes.com\/en\/campsite-dinan\/\"]}]},{\"@type\":\"ImageObject\",\"inLanguage\":\"en-US\",\"@id\":\"https:\/\/www.villagedeyourtes.com\/en\/campsite-dinan\/#primaryimage\",\"url\":\"https:\/\/www.villagedeyourtes.com\/wp-content\/uploads\/2020\/05\/camping-dinan-2.jpg\",\"contentUrl\":\"https:\/\/www.villagedeyourtes.com\/wp-content\/uploads\/2020\/05\/camping-dinan-2.jpg\",\"width\":1903,\"height\":501,\"caption\":\"camping dinan\"},{\"@type\":\"BreadcrumbList\",\"@id\":\"https:\/\/www.villagedeyourtes.com\/en\/campsite-dinan\/#breadcrumb\",\"itemListElement\":[{\"@type\":\"ListItem\",\"position\":1,\"name\":\"Yourte Cote Armor\",\"item\":\"https:\/\/www.villagedeyourtes.com\/en\/\"},{\"@type\":\"ListItem\",\"position\":2,\"name\":\"Campsite Dinan\"}]},{\"@type\":\"WebSite\",\"@id\":\"https:\/\/www.villagedeyourtes.com\/en\/#website\",\"url\":\"https:\/\/www.villagedeyourtes.com\/en\/\",\"name\":\"Village Yourtes\",\"description\":\"\",\"potentialAction\":[{\"@type\":\"SearchAction\",\"target\":{\"@type\":\"EntryPoint\",\"urlTemplate\":\"https:\/\/www.villagedeyourtes.com\/en\/?s={search_term_string}\"},\"query-input\":{\"@type\":\"PropertyValueSpecification\",\"valueRequired\":true,\"valueName\":\"search_term_string\"}}],\"inLanguage\":\"en-US\"}]}<\/script>\n<!-- \/ Yoast SEO plugin. -->","yoast_head_json":{"title":"Campsite Dinan | Visit and heritage Dinan | Tourism Dinan","robots":{"index":"index","follow":"follow","max-snippet":"max-snippet:-1","max-image-preview":"max-image-preview:large","max-video-preview":"max-video-preview:-1"},"canonical":"https:\/\/www.villagedeyourtes.com\/en\/campsite-dinan\/","og_locale":"en_US","og_type":"article","og_title":"Campsite Dinan | Visit and heritage Dinan | Tourism Dinan","og_url":"https:\/\/www.villagedeyourtes.com\/en\/campsite-dinan\/","og_site_name":"Village Yourtes","article_modified_time":"2020-06-10T14:49:52+00:00","og_image":[{"width":1903,"height":501,"url":"https:\/\/www.villagedeyourtes.com\/wp-content\/uploads\/2020\/05\/camping-dinan-2.jpg","type":"image\/jpeg"}],"twitter_card":"summary_large_image","schema":{"@context":"https:\/\/schema.org","@graph":[{"@type":"WebPage","@id":"https:\/\/www.villagedeyourtes.com\/en\/campsite-dinan\/","url":"https:\/\/www.villagedeyourtes.com\/en\/campsite-dinan\/","name":"Campsite Dinan | Visit and heritage Dinan | Tourism Dinan","isPartOf":{"@id":"https:\/\/www.villagedeyourtes.com\/en\/#website"},"primaryImageOfPage":{"@id":"https:\/\/www.villagedeyourtes.com\/en\/campsite-dinan\/#primaryimage"},"image":{"@id":"https:\/\/www.villagedeyourtes.com\/en\/campsite-dinan\/#primaryimage"},"thumbnailUrl":"https:\/\/www.villagedeyourtes.com\/wp-content\/uploads\/2020\/05\/camping-dinan-2.jpg","datePublished":"2020-05-14T12:13:06+00:00","dateModified":"2020-06-10T14:49:52+00:00","breadcrumb":{"@id":"https:\/\/www.villagedeyourtes.com\/en\/campsite-dinan\/#breadcrumb"},"inLanguage":"en-US","potentialAction":[{"@type":"ReadAction","target":["https:\/\/www.villagedeyourtes.com\/en\/campsite-dinan\/"]}]},{"@type":"ImageObject","inLanguage":"en-US","@id":"https:\/\/www.villagedeyourtes.com\/en\/campsite-dinan\/#primaryimage","url":"https:\/\/www.villagedeyourtes.com\/wp-content\/uploads\/2020\/05\/camping-dinan-2.jpg","contentUrl":"https:\/\/www.villagedeyourtes.com\/wp-content\/uploads\/2020\/05\/camping-dinan-2.jpg","width":1903,"height":501,"caption":"camping dinan"},{"@type":"BreadcrumbList","@id":"https:\/\/www.villagedeyourtes.com\/en\/campsite-dinan\/#breadcrumb","itemListElement":[{"@type":"ListItem","position":1,"name":"Yourte Cote Armor","item":"https:\/\/www.villagedeyourtes.com\/en\/"},{"@type":"ListItem","position":2,"name":"Campsite Dinan"}]},{"@type":"WebSite","@id":"https:\/\/www.villagedeyourtes.com\/en\/#website","url":"https:\/\/www.villagedeyourtes.com\/en\/","name":"Village Yourtes","description":"","potentialAction":[{"@type":"SearchAction","target":{"@type":"EntryPoint","urlTemplate":"https:\/\/www.villagedeyourtes.com\/en\/?s={search_term_string}"},"query-input":{"@type":"PropertyValueSpecification","valueRequired":true,"valueName":"search_term_string"}}],"inLanguage":"en-US"}]}},"_links":{"self":[{"href":"https:\/\/www.villagedeyourtes.com\/en\/wp-json\/wp\/v2\/pages\/812"}],"collection":[{"href":"https:\/\/www.villagedeyourtes.com\/en\/wp-json\/wp\/v2\/pages"}],"about":[{"href":"https:\/\/www.villagedeyourtes.com\/en\/wp-json\/wp\/v2\/types\/page"}],"author":[{"embeddable":true,"href":"https:\/\/www.villagedeyourtes.com\/en\/wp-json\/wp\/v2\/users\/1"}],"replies":[{"embeddable":true,"href":"https:\/\/www.villagedeyourtes.com\/en\/wp-json\/wp\/v2\/comments?post=812"}],"version-history":[{"count":3,"href":"https:\/\/www.villagedeyourtes.com\/en\/wp-json\/wp\/v2\/pages\/812\/revisions"}],"predecessor-version":[{"id":866,"href":"https:\/\/www.villagedeyourtes.com\/en\/wp-json\/wp\/v2\/pages\/812\/revisions\/866"}],"wp:featuredmedia":[{"embeddable":true,"href":"https:\/\/www.villagedeyourtes.com\/en\/wp-json\/wp\/v2\/media\/787"}],"wp:attachment":[{"href":"https:\/\/www.villagedeyourtes.com\/en\/wp-json\/wp\/v2\/media?parent=812"}],"curies":[{"name":"wp","href":"https:\/\/api.w.org\/{rel}","templated":true}]}}